{"id":122,"date":"2016-06-08T12:26:21","date_gmt":"2016-06-08T12:26:21","guid":{"rendered":"http:\/\/okab.pixeldima.com\/okab\/business\/?page_id=5"},"modified":"2025-12-15T15:04:57","modified_gmt":"2025-12-15T12:04:57","slug":"home","status":"publish","type":"page","link":"https:\/\/www.dogatria.com\/","title":{"rendered":"Anasayfa"},"content":{"rendered":"<div class=\"wpb-content-wrapper\"><p>[vc_row bg_type=&#8221;&#8221; dima_canvas_style=&#8221;&#8221; translate_x=&#8221;0&#8243; dima_z_index=&#8221;0&#8243; delay=&#8221;&#8221; delay_duration=&#8221;&#8221; delay_offset=&#8221;&#8221; top_and_bottom_padding=&#8221;&#8221; left_and_right_padding=&#8221;&#8221;][vc_column min_height=&#8221;&#8221; bg_type=&#8221;&#8221; dima_canvas_style=&#8221;&#8221; translate_x=&#8221;0&#8243; dima_z_index=&#8221;0&#8243; animation=&#8221;fadeInUp&#8221; delay=&#8221;200&#8243; delay_duration=&#8221;&#8221; delay_offset=&#8221;&#8221; top_and_bottom_padding=&#8221;&#8221; left_and_right_padding=&#8221;&#8221; width=&#8221;1\/3&#8243; id=&#8221;&#8221; class=&#8221;&#8221; style=&#8221;&#8221;]<div  class=\"dima-iconbox no-box text-start features-start\" ><header  class=\"icon-box-header\" ><i style=\"color:#2b90d9;\" class=\"simple-icon-bulb  icon-box-medium\"><\/i><\/header><div  class=\"features-content\" ><h5 class=\"features-title no-title-hover\" >Ara\u015ft\u0131rma<\/h5>Her projenin kendine \u00f6zg\u00fc gereksinimlerini kar\u015f\u0131lamak \u00fczere \u00f6zel olarak olu\u015fturulmu\u015f \u00e7ok disiplinli ekipler ile sa\u011fl\u0131yoruz.<\/div><\/div>[\/vc_column][vc_column min_height=&#8221;&#8221; bg_type=&#8221;&#8221; dima_canvas_style=&#8221;&#8221; translate_x=&#8221;0&#8243; dima_z_index=&#8221;0&#8243; animation=&#8221;fadeInUp&#8221; delay=&#8221;400&#8243; delay_duration=&#8221;&#8221; delay_offset=&#8221;&#8221; top_and_bottom_padding=&#8221;&#8221; left_and_right_padding=&#8221;&#8221; width=&#8221;1\/3&#8243; id=&#8221;&#8221; class=&#8221;&#8221; style=&#8221;&#8221;]<div  class=\"dima-iconbox no-box text-start features-start\" ><header  class=\"icon-box-header\" ><i style=\"color:#2b90d9;\" class=\"simple-icon-rocket  icon-box-medium\"><\/i><\/header><div  class=\"features-content\" ><h5 class=\"features-title no-title-hover\" >Tasar\u0131m<\/h5>M\u00fchendis ekibimiz son derece uzmanla\u015fm\u0131\u015ft\u0131r. Daha karma\u015f\u0131k projeler i\u00e7in, etkili ve g\u00fcvenilir sonu\u00e7lar sunmak \u00fczere yerel bir ortakla i\u015fbirli\u011fi yapabiliriz.<\/div><\/div>[\/vc_column][vc_column min_height=&#8221;&#8221; bg_type=&#8221;&#8221; dima_canvas_style=&#8221;&#8221; translate_x=&#8221;0&#8243; dima_z_index=&#8221;0&#8243; animation=&#8221;fadeInUp&#8221; delay=&#8221;600&#8243; delay_duration=&#8221;&#8221; delay_offset=&#8221;&#8221; top_and_bottom_padding=&#8221;&#8221; left_and_right_padding=&#8221;&#8221; width=&#8221;1\/3&#8243; id=&#8221;&#8221; class=&#8221;&#8221; style=&#8221;&#8221;]<div  class=\"dima-iconbox no-box text-start features-start\" ><header  class=\"icon-box-header\" ><i style=\"color:#2b90d9;\" class=\"simple-icon-screen-tablet  icon-box-medium\"><\/i><\/header><div  class=\"features-content\" ><h5 class=\"features-title no-title-hover\" >Geli\u015ftirme<\/h5>Geli\u015ftirme s\u00fcrecimiz, her m\u00fc\u015fterinin kendisine \u00f6zel \u00e7\u00f6z\u00fcmler almas\u0131n\u0131 sa\u011flayan, tamamen ki\u015fiselle\u015ftirilmi\u015f bir yakla\u015f\u0131mla \u00f6ne \u00e7\u0131kmaktad\u0131r.<\/div><\/div>[\/vc_column][\/vc_row][vc_row bg_type=&#8221;bg_color&#8221; dima_canvas_style=&#8221;&#8221; translate_x=&#8221;0&#8243; dima_z_index=&#8221;0&#8243; delay=&#8221;&#8221; delay_duration=&#8221;&#8221; delay_offset=&#8221;&#8221; top_and_bottom_padding=&#8221;0&#8243; left_and_right_padding=&#8221;&#8221; bg_color=&#8221;#f7fafc&#8221; class=&#8221;&#8221; style=&#8221;&#8221;][vc_column min_height=&#8221;&#8221; bg_type=&#8221;&#8221; dima_canvas_style=&#8221;&#8221; translate_x=&#8221;0&#8243; dima_z_index=&#8221;0&#8243; delay=&#8221;&#8221; delay_duration=&#8221;&#8221; delay_offset=&#8221;&#8221;]\n\t\t\t<!-- START Slider 1 REVOLUTION SLIDER 6.6.20 --><p class=\"rs-p-wp-fix\"><\/p>\n\t\t\t<rs-module-wrap id=\"rev_slider_2_1_wrapper\" data-source=\"gallery\" style=\"visibility:hidden;background:transparent;padding:0;margin:0px auto;margin-top:0;margin-bottom:0;\">\n\t\t\t\t<rs-module id=\"rev_slider_2_1\" style=\"\" data-version=\"6.6.20\">\n\t\t\t\t\t<rs-slides style=\"overflow: hidden; position: absolute;\">\n\t\t\t\t\t\t<rs-slide style=\"position: absolute;\" data-key=\"rs-4\" data-title=\"Slide\" data-in=\"o:0;\" data-out=\"a:false;\">\n\t\t\t\t\t\t\t<img decoding=\"async\" src=\"\/\/www.dogatria.com\/wp-content\/plugins\/revslider\/public\/assets\/assets\/dummy.png\" alt=\"Slide\" title=\"Anasayfa\" class=\"rev-slidebg tp-rs-img rs-lazyload\" data-lazyload=\"\/\/www.dogatria.com\/wp-content\/plugins\/revslider\/public\/assets\/assets\/transparent.png\" data-no-retina>\n<!--\n\t\t\t\t\t\t\t--><rs-layer\n\t\t\t\t\t\t\t\tid=\"slider-2-slide-4-layer-0\" \n\t\t\t\t\t\t\t\tclass=\"rs-layer-video intrinsic-ignore\"\n\t\t\t\t\t\t\t\tdata-type=\"video\"\n\t\t\t\t\t\t\t\tdata-rsp_ch=\"on\"\n\t\t\t\t\t\t\t\tdata-xy=\"x:-402px;y:-178px;\"\n\t\t\t\t\t\t\t\tdata-text=\"w:normal;\"\n\t\t\t\t\t\t\t\tdata-dim=\"w:2064px;h:1161px;\"\n\t\t\t\t\t\t\t\tdata-video=\"vfc:true;vd:100;l:false;ptimer:false;\"\n\t\t\t\t\t\t\t\tdata-poster=\"\/\/www.dogatria.com\/wp-content\/uploads\/revslider\/video-media\/12686182_3840_2160_30fps_4_layer-scaled.jpeg\"\n\t\t\t\t\t\t\t\tdata-mp4=\"\/\/www.dogatria.com\/wp-content\/uploads\/2025\/12\/12686182_3840_2160_30fps.mp4\"\n\t\t\t\t\t\t\t\tdata-frame_999=\"o:0;st:8900;sR:8700;\"\n\t\t\t\t\t\t\t\tstyle=\"z-index:5;\"\n\t\t\t\t\t\t\t>\n\t\t\t\t\t\t\t<\/rs-layer><!--\n\n\t\t\t\t\t\t\t--><rs-layer\n\t\t\t\t\t\t\t\tid=\"slider-2-slide-4-layer-3\" \n\t\t\t\t\t\t\t\tdata-type=\"image\"\n\t\t\t\t\t\t\t\tdata-rsp_ch=\"on\"\n\t\t\t\t\t\t\t\tdata-xy=\"y:48px;\"\n\t\t\t\t\t\t\t\tdata-text=\"w:normal;\"\n\t\t\t\t\t\t\t\tdata-dim=\"w:1279px;h:753px;\"\n\t\t\t\t\t\t\t\tdata-frame_1=\"st:3560;sR:3560;\"\n\t\t\t\t\t\t\t\tdata-frame_999=\"o:0;st:w;sR:5140;\"\n\t\t\t\t\t\t\t\tstyle=\"z-index:7;\"\n\t\t\t\t\t\t\t><img decoding=\"async\" src=\"\/\/www.dogatria.com\/wp-content\/plugins\/revslider\/public\/assets\/assets\/dummy.png\" alt=\"\" class=\"tp-rs-img rs-lazyload\" width=\"1528\" height=\"899\" data-lazyload=\"\/\/www.dogatria.com\/wp-content\/uploads\/2025\/12\/8.png\" data-no-retina> \n\t\t\t\t\t\t\t<\/rs-layer><!--\n\n\t\t\t\t\t\t\t--><rs-layer\n\t\t\t\t\t\t\t\tid=\"slider-2-slide-4-layer-4\" \n\t\t\t\t\t\t\t\tdata-type=\"image\"\n\t\t\t\t\t\t\t\tdata-rsp_ch=\"on\"\n\t\t\t\t\t\t\t\tdata-xy=\"x:843px;y:21px;\"\n\t\t\t\t\t\t\t\tdata-text=\"w:normal;\"\n\t\t\t\t\t\t\t\tdata-dim=\"w:812px;h:357px;\"\n\t\t\t\t\t\t\t\tdata-frame_1=\"st:2640;sR:2640;\"\n\t\t\t\t\t\t\t\tdata-frame_999=\"o:0;st:w;sR:6060;\"\n\t\t\t\t\t\t\t\tstyle=\"z-index:8;\"\n\t\t\t\t\t\t\t><img decoding=\"async\" src=\"\/\/www.dogatria.com\/wp-content\/plugins\/revslider\/public\/assets\/assets\/dummy.png\" alt=\"\" class=\"tp-rs-img rs-lazyload\" width=\"2560\" height=\"1127\" data-lazyload=\"\/\/www.dogatria.com\/wp-content\/uploads\/2025\/12\/11-scaled.png\" data-no-retina> \n\t\t\t\t\t\t\t<\/rs-layer><!--\n\n\t\t\t\t\t\t\t--><rs-layer\n\t\t\t\t\t\t\t\tid=\"slider-2-slide-4-layer-5\" \n\t\t\t\t\t\t\t\tdata-type=\"image\"\n\t\t\t\t\t\t\t\tdata-rsp_ch=\"on\"\n\t\t\t\t\t\t\t\tdata-xy=\"x:1180px;y:326px;\"\n\t\t\t\t\t\t\t\tdata-text=\"w:normal;\"\n\t\t\t\t\t\t\t\tdata-dim=\"w:307px;h:489px;\"\n\t\t\t\t\t\t\t\tdata-frame_1=\"st:1660;sR:1660;\"\n\t\t\t\t\t\t\t\tdata-frame_999=\"o:0;st:w;sR:7040;\"\n\t\t\t\t\t\t\t\tstyle=\"z-index:9;\"\n\t\t\t\t\t\t\t><img decoding=\"async\" src=\"\/\/www.dogatria.com\/wp-content\/plugins\/revslider\/public\/assets\/assets\/dummy.png\" alt=\"\" class=\"tp-rs-img rs-lazyload\" width=\"702\" height=\"1118\" data-lazyload=\"\/\/www.dogatria.com\/wp-content\/uploads\/2025\/12\/9.png\" data-no-retina> \n\t\t\t\t\t\t\t<\/rs-layer><!--\n\n\t\t\t\t\t\t\t--><rs-layer\n\t\t\t\t\t\t\t\tid=\"slider-2-slide-4-layer-6\" \n\t\t\t\t\t\t\t\tdata-type=\"image\"\n\t\t\t\t\t\t\t\tdata-rsp_ch=\"on\"\n\t\t\t\t\t\t\t\tdata-xy=\"x:-398px;y:399px;\"\n\t\t\t\t\t\t\t\tdata-text=\"w:normal;\"\n\t\t\t\t\t\t\t\tdata-dim=\"w:701px;h:549px;\"\n\t\t\t\t\t\t\t\tdata-frame_1=\"st:870;sR:870;\"\n\t\t\t\t\t\t\t\tdata-frame_999=\"o:0;st:w;sR:7830;\"\n\t\t\t\t\t\t\t\tstyle=\"z-index:10;\"\n\t\t\t\t\t\t\t><img decoding=\"async\" src=\"\/\/www.dogatria.com\/wp-content\/plugins\/revslider\/public\/assets\/assets\/dummy.png\" alt=\"\" class=\"tp-rs-img rs-lazyload\" width=\"1517\" height=\"1188\" data-lazyload=\"\/\/www.dogatria.com\/wp-content\/uploads\/2025\/12\/10.png\" data-no-retina> \n\t\t\t\t\t\t\t<\/rs-layer><!--\n\n\t\t\t\t\t\t\t--><rs-layer\n\t\t\t\t\t\t\t\tid=\"slider-2-slide-4-layer-8\" \n\t\t\t\t\t\t\t\tdata-type=\"image\"\n\t\t\t\t\t\t\t\tdata-rsp_ch=\"on\"\n\t\t\t\t\t\t\t\tdata-xy=\"x:-341px;y:-10px;\"\n\t\t\t\t\t\t\t\tdata-text=\"w:normal;\"\n\t\t\t\t\t\t\t\tdata-dim=\"w:738px;h:551px;\"\n\t\t\t\t\t\t\t\tdata-frame_999=\"o:0;st:w;sR:8700;\"\n\t\t\t\t\t\t\t\tstyle=\"z-index:11;\"\n\t\t\t\t\t\t\t><img decoding=\"async\" src=\"\/\/www.dogatria.com\/wp-content\/plugins\/revslider\/public\/assets\/assets\/dummy.png\" alt=\"\" class=\"tp-rs-img rs-lazyload\" width=\"1684\" height=\"1258\" data-lazyload=\"\/\/www.dogatria.com\/wp-content\/uploads\/2025\/12\/13.png\" data-no-retina> \n\t\t\t\t\t\t\t<\/rs-layer><!--\n-->\t\t\t\t\t\t<\/rs-slide>\n\t\t\t\t\t<\/rs-slides>\n\t\t\t\t<\/rs-module>\n\t\t\t\t<script>\n\t\t\t\t\tsetREVStartSize({c: 'rev_slider_2_1',rl:[1240,1024,778,480],el:[900],gw:[1240],gh:[900],type:'standard',justify:'',layout:'fullwidth',mh:\"0\"});if (window.RS_MODULES!==undefined && window.RS_MODULES.modules!==undefined && window.RS_MODULES.modules[\"revslider21\"]!==undefined) {window.RS_MODULES.modules[\"revslider21\"].once = false;window.revapi2 = undefined;if (window.RS_MODULES.checkMinimal!==undefined) window.RS_MODULES.checkMinimal()}\n\t\t\t\t<\/script>\n\t\t\t<\/rs-module-wrap>\n\t\t\t<!-- END REVOLUTION SLIDER -->\n[\/vc_column][\/vc_row][vc_row bg_type=&#8221;&#8221; dima_canvas_style=&#8221;&#8221; translate_x=&#8221;0&#8243; dima_z_index=&#8221;0&#8243; delay=&#8221;&#8221; delay_duration=&#8221;&#8221; delay_offset=&#8221;&#8221; top_and_bottom_padding=&#8221;9.375em&#8221; left_and_right_padding=&#8221;&#8221; class=&#8221;&#8221; style=&#8221;&#8221;][vc_column min_height=&#8221;&#8221; bg_type=&#8221;&#8221; dima_canvas_style=&#8221;&#8221; translate_x=&#8221;0&#8243; dima_z_index=&#8221;0&#8243; delay=&#8221;&#8221; delay_duration=&#8221;&#8221; delay_offset=&#8221;&#8221; top_and_bottom_padding=&#8221;&#8221; left_and_right_padding=&#8221;&#8221; width=&#8221;1\/1&#8243;] <div  class=\"section\"   > <div class=\"overflow-hidden\" > <div class=\" background-image-hide background-cover jarallax-image\" style=\"background-image: url(https:\/\/www.dogatria.com\/wp-content\/uploads\/2025\/12\/pine-tree-scaled.jpg)\"> <\/div > <div class=\"dima-banner page-section dark-bg\"  data-height=400> <div class=\"banner-inner text-vertical-center  center text-center\"   > <div class=\"dima-inner-wrap\"> <h3  class=\"dima-custom-heading text-center\" ><\/p>\n<h1><strong>S\u00fcrd\u00fcr\u00fclebilirlik<\/strong><\/h1>\n<p><\/h3><h4><strong><span style=\"color: #fff;\"><br \/>\nS\u00fcrd\u00fcr\u00fclebilirli\u011fe olan ba\u011fl\u0131l\u0131\u011f\u0131m\u0131z DOGA&#8217;n\u0131n bir par\u00e7as\u0131 haline gelmi\u015ftir ve proaktif bir \u00fcretim \u015firketi olman\u0131n \u00f6rne\u011fi olmak i\u00e7in her g\u00fcn \u00e7al\u0131\u015f\u0131yoruz.<br \/>\nPOZ\u0130T\u0130F ETK\u0130 yaratmak i\u00e7in \u00e7abal\u0131yoruz ve bunu ba\u015farabilece\u011fimize eminiz.<\/span><\/strong><\/h4>\n<h3><strong><span style=\"color: #fff;\"><br \/>\n<strong>Gelecek ba\u015far\u0131l\u0131 olacak!!!<\/strong><\/span><br \/>\n<\/strong><\/h3>\n<\/div > <\/div > <\/div > <\/div > <\/div > [\/vc_column][\/vc_row][vc_row bg_type=&#8221;&#8221; dima_canvas_style=&#8221;&#8221; translate_x=&#8221;0&#8243; dima_z_index=&#8221;0&#8243; delay=&#8221;&#8221; delay_duration=&#8221;&#8221; delay_offset=&#8221;&#8221; top_and_bottom_padding=&#8221;&#8221; left_and_right_padding=&#8221;&#8221;][vc_column min_height=&#8221;&#8221; bg_type=&#8221;&#8221; dima_canvas_style=&#8221;&#8221; translate_x=&#8221;0&#8243; dima_z_index=&#8221;0&#8243; delay=&#8221;&#8221; delay_duration=&#8221;&#8221; delay_offset=&#8221;&#8221; top_and_bottom_padding=&#8221;&#8221; left_and_right_padding=&#8221;&#8221; width=&#8221;1\/1&#8243;]<h2  class=\"dima-custom-heading text-center\" ><\/p>\n<h2>Haberler<\/h2>\n<p><\/h2><div  class=\"dima-clear\" style=\"padding-bottom:50px\"><\/div>\t<div class=\" boxed-blog blog-list\" >\n\t\t<article class=\"ok-md-4 ok-sd-6 ok-xsd-12 post-4 post type-post status-publish format-standard has-post-thumbnail hentry category-genel\" >\n\t\t\t\t<div class=\"post-img\">\n                        <div class=\" post-feature\">\n                            <a href=\"https:\/\/www.dogatria.com\/index.php\/2025\/07\/20\/doga-grand-prix\/\" class=\"entry-thumb\" title=\"Permalink to: &quot;\u00a0DOGA\u00a0GRAND\u00a0PRIX&quot;\"><img loading=\"lazy\" decoding=\"async\" width=\"768\" height=\"395\" src=\"https:\/\/www.dogatria.com\/wp-content\/uploads\/2025\/07\/GRAND-PRIX-DOGA-NOTICIA-3-768x395-1.jpg\" class=\"attachment-dima-post-standard-image size-dima-post-standard-image wp-post-image\" alt=\"\" srcset=\"https:\/\/www.dogatria.com\/wp-content\/uploads\/2025\/07\/GRAND-PRIX-DOGA-NOTICIA-3-768x395-1.jpg 768w, https:\/\/www.dogatria.com\/wp-content\/uploads\/2025\/07\/GRAND-PRIX-DOGA-NOTICIA-3-768x395-1-300x154.jpg 300w, https:\/\/www.dogatria.com\/wp-content\/uploads\/2025\/07\/GRAND-PRIX-DOGA-NOTICIA-3-768x395-1-585x301.jpg 585w\" sizes=\"auto, (max-width: 768px) 100vw, 768px\" \/><\/a>\n                        <div class=\"post-icon link_overlay\">\n                        <ul class=\"icons-media\">\n                        <li>\n                            <a href=\"https:\/\/www.dogatria.com\/index.php\/2025\/07\/20\/doga-grand-prix\/\" title=\"Permalink to: &quot;\u00a0DOGA\u00a0GRAND\u00a0PRIX&quot;\">\n                                <i class=\"fa fa-link\"><\/i>\n                            <\/a>\n                        <\/li>\n                        <\/ul>  <span class=\"topaz-hover\"><\/span >\n                        <\/div >\n                        <\/div >\n                        <\/div > \t\t<div class=\"post-meta box\"><ul><li class=\"post-on\"><span class=\"entry-author\">By <a href=\"https:\/\/www.dogatria.com\/index.php\/author\/gurolaricansuperonline-com\/\" rel=\"author\" class=\"vcard\"><span  class=\"fn\">gurolarican@superonline.com<\/span><\/a><\/span> <span class=\"slash\">\/<\/span> <time class=\"entry-date\" datetime=\"2025-07-20T16:42:00+03:00\"> 20 Temmuz 2025<\/time><\/li><li class=\"post-view\"><i class=\"fa fa-eye\"><\/i> 319 <\/li><\/ul><\/div>\n\t<div class=\"entry-content post-content text-start box-bg-color box\">\n\t\t\n<header>\n\t\t\t<h4 class=\"entry-title\">\n\t\t\t<a href=\"https:\/\/www.dogatria.com\/index.php\/2025\/07\/20\/doga-grand-prix\/\"\n\t\t\t   title=\"Permalink to: &quot;\u00a0DOGA\u00a0GRAND\u00a0PRIX&quot;\">\n\t\t\t\t\u00a0DOGA\u00a0GRAND\u00a0PRIX\t\t\t<\/a>\n\t\t<\/h4>\n\t<\/header>\n\t\t<p>H\u0131z, Tak\u0131m Ruhu ve E\u011flence Dolu Bir G\u00fcn!<\/p>\n<p>Ge\u00e7en hafta, Teknik Merkezimiz DOGA &#8230;<\/p>\n\t\t\t<\/div>\n\n<\/article>\n<article class=\"ok-md-4 ok-sd-6 ok-xsd-12 post-126 post type-post status-publish format-standard has-post-thumbnail hentry category-genel\" >\n\t\t\t\t<div class=\"post-img\">\n                        <div class=\" post-feature\">\n                            <a href=\"https:\/\/www.dogatria.com\/index.php\/2025\/07\/20\/tarim-makineleri-icin-yikama-tanklari\/\" class=\"entry-thumb\" title=\"Permalink to: &quot;Tar\u0131m Makineleri i\u00e7in Y\u0131kama Tanklar\u0131&quot;\"><img loading=\"lazy\" decoding=\"async\" width=\"768\" height=\"395\" src=\"https:\/\/www.dogatria.com\/wp-content\/uploads\/2016\/06\/WASHER-SYSTEM-NOTICIA-2-768x395-1.jpg\" class=\"attachment-dima-post-standard-image size-dima-post-standard-image wp-post-image\" alt=\"\" srcset=\"https:\/\/www.dogatria.com\/wp-content\/uploads\/2016\/06\/WASHER-SYSTEM-NOTICIA-2-768x395-1.jpg 768w, https:\/\/www.dogatria.com\/wp-content\/uploads\/2016\/06\/WASHER-SYSTEM-NOTICIA-2-768x395-1-300x154.jpg 300w, https:\/\/www.dogatria.com\/wp-content\/uploads\/2016\/06\/WASHER-SYSTEM-NOTICIA-2-768x395-1-585x301.jpg 585w\" sizes=\"auto, (max-width: 768px) 100vw, 768px\" \/><\/a>\n                        <div class=\"post-icon link_overlay\">\n                        <ul class=\"icons-media\">\n                        <li>\n                            <a href=\"https:\/\/www.dogatria.com\/index.php\/2025\/07\/20\/tarim-makineleri-icin-yikama-tanklari\/\" title=\"Permalink to: &quot;Tar\u0131m Makineleri i\u00e7in Y\u0131kama Tanklar\u0131&quot;\">\n                                <i class=\"fa fa-link\"><\/i>\n                            <\/a>\n                        <\/li>\n                        <\/ul>  <span class=\"topaz-hover\"><\/span >\n                        <\/div >\n                        <\/div >\n                        <\/div > \t\t<div class=\"post-meta box\"><ul><li class=\"post-on\"><span class=\"entry-author\">By <a href=\"https:\/\/www.dogatria.com\/index.php\/author\/gurolaricansuperonline-com\/\" rel=\"author\" class=\"vcard\"><span  class=\"fn\">gurolarican@superonline.com<\/span><\/a><\/span> <span class=\"slash\">\/<\/span> <time class=\"entry-date\" datetime=\"2025-07-20T18:08:00+03:00\"> 20 Temmuz 2025<\/time><\/li><li class=\"post-view\"><i class=\"fa fa-eye\"><\/i> 1172 <\/li><\/ul><\/div>\n\t<div class=\"entry-content post-content text-start box-bg-color box\">\n\t\t\n<header>\n\t\t\t<h4 class=\"entry-title\">\n\t\t\t<a href=\"https:\/\/www.dogatria.com\/index.php\/2025\/07\/20\/tarim-makineleri-icin-yikama-tanklari\/\"\n\t\t\t   title=\"Permalink to: &quot;Tar\u0131m Makineleri i\u00e7in Y\u0131kama Tanklar\u0131&quot;\">\n\t\t\t\tTar\u0131m Makineleri i\u00e7in Y\u0131kama Tanklar\u0131\t\t\t<\/a>\n\t\t<\/h4>\n\t<\/header>\n\t\t<p>DOGA olarak, trakt\u00f6rler ve hasat makineleri gibi tar\u0131m makineleri i\u00e7in \ud83d\udca7 \u00f6n &#8230;<\/p>\n\t\t\t<\/div>\n\n<\/article>\n\t<\/div>\n\t\t[\/vc_column][\/vc_row][vc_row bg_type=&#8221;&#8221; dima_canvas_style=&#8221;&#8221; translate_x=&#8221;0&#8243; dima_z_index=&#8221;0&#8243; delay=&#8221;&#8221; delay_duration=&#8221;&#8221; delay_offset=&#8221;&#8221;][vc_column min_height=&#8221;&#8221; bg_type=&#8221;&#8221; dima_canvas_style=&#8221;&#8221; translate_x=&#8221;0&#8243; dima_z_index=&#8221;0&#8243; delay=&#8221;&#8221; delay_duration=&#8221;&#8221; delay_offset=&#8221;&#8221; width=&#8221;1\/1&#8243;][\/vc_column][\/vc_row]<\/p>\n<\/div>","protected":false},"excerpt":{"rendered":"<p>[vc_row bg_type=&#8221;&#8221; dima_canvas_style=&#8221;&#8221; translate_x=&#8221;0&#8243; dima_z_index=&#8221;0&#8243; delay=&#8221;&#8221; delay_duration=&#8221;&#8221; delay_offset=&#8221;&#8221; top_and_bottom_padding=&#8221;&#8221; left_and_right_padding=&#8221;&#8221;][vc_column min_height=&#8221;&#8221; bg_type=&#8221;&#8221; dima_canvas_style=&#8221;&#8221; translate_x=&#8221;0&#8243; dima_z_index=&#8221;0&#8243; animation=&#8221;fadeInUp&#8221; delay=&#8221;200&#8243; delay_duration=&#8221;&#8221; delay_offset=&#8221;&#8221; top_and_bottom_padding=&#8221;&#8221; left_and_right_padding=&#8221;&#8221; width=&#8221;1\/3&#8243; id=&#8221;&#8221; class=&#8221;&#8221; style=&#8221;&#8221;][\/vc_column][vc_column min_height=&#8221;&#8221; bg_type=&#8221;&#8221; dima_canvas_style=&#8221;&#8221; translate_x=&#8221;0&#8243; dima_z_index=&#8221;0&#8243; animation=&#8221;fadeInUp&#8221; delay=&#8221;400&#8243; delay_duration=&#8221;&#8221; delay_offset=&#8221;&#8221; top_and_bottom_padding=&#8221;&#8221; left_and_right_padding=&#8221;&#8221; width=&#8221;1\/3&#8243; id=&#8221;&#8221; class=&#8221;&#8221; style=&#8221;&#8221;][\/vc_column][vc_column min_height=&#8221;&#8221; bg_type=&#8221;&#8221; dima_canvas_style=&#8221;&#8221; translate_x=&#8221;0&#8243; dima_z_index=&#8221;0&#8243; animation=&#8221;fadeInUp&#8221; delay=&#8221;600&#8243; delay_duration=&#8221;&#8221; delay_offset=&#8221;&#8221; top_and_bottom_padding=&#8221;&#8221; left_and_right_padding=&#8221;&#8221; width=&#8221;1\/3&#8243; id=&#8221;&#8221; class=&#8221;&#8221; style=&#8221;&#8221;][\/vc_column][\/vc_row][vc_row [&hellip;]<\/p>\n","protected":false},"author":2,"featured_media":0,"parent":0,"menu_order":0,"comment_status":"closed","ping_status":"closed","template":"","meta":{"footnotes":""},"class_list":["post-122","page","type-page","status-publish","hentry","has-post-thumbnail"],"_links":{"self":[{"href":"https:\/\/www.dogatria.com\/index.php\/wp-json\/wp\/v2\/pages\/122","targetHints":{"allow":["GET"]}}],"collection":[{"href":"https:\/\/www.dogatria.com\/index.php\/wp-json\/wp\/v2\/pages"}],"about":[{"href":"https:\/\/www.dogatria.com\/index.php\/wp-json\/wp\/v2\/types\/page"}],"author":[{"embeddable":true,"href":"https:\/\/www.dogatria.com\/index.php\/wp-json\/wp\/v2\/users\/2"}],"replies":[{"embeddable":true,"href":"https:\/\/www.dogatria.com\/index.php\/wp-json\/wp\/v2\/comments?post=122"}],"version-history":[{"count":14,"href":"https:\/\/www.dogatria.com\/index.php\/wp-json\/wp\/v2\/pages\/122\/revisions"}],"predecessor-version":[{"id":232,"href":"https:\/\/www.dogatria.com\/index.php\/wp-json\/wp\/v2\/pages\/122\/revisions\/232"}],"wp:attachment":[{"href":"https:\/\/www.dogatria.com\/index.php\/wp-json\/wp\/v2\/media?parent=122"}],"curies":[{"name":"wp","href":"https:\/\/api.w.org\/{rel}","templated":true}]}}