{"id":125,"date":"2016-06-10T15:02:50","date_gmt":"2016-06-10T15:02:50","guid":{"rendered":"http:\/\/okab.pixeldima.com\/okab\/business\/?page_id=22"},"modified":"2025-12-18T14:46:12","modified_gmt":"2025-12-18T11:46:12","slug":"about-us","status":"publish","type":"page","link":"https:\/\/www.dogatria.com\/index.php\/about-us\/","title":{"rendered":"Hakk\u0131m\u0131zda"},"content":{"rendered":"<div class=\"wpb-content-wrapper\"><p>[vc_row bg_type=&#8221;&#8221; dima_canvas_style=&#8221;&#8221; translate_x=&#8221;0&#8243; dima_z_index=&#8221;0&#8243; delay=&#8221;&#8221; delay_duration=&#8221;&#8221; delay_offset=&#8221;&#8221; top_and_bottom_padding=&#8221;0px&#8221; left_and_right_padding=&#8221;&#8221; class=&#8221;&#8221; style=&#8221;&#8221;][vc_column min_height=&#8221;&#8221; bg_type=&#8221;&#8221; dima_canvas_style=&#8221;&#8221; translate_x=&#8221;0&#8243; dima_z_index=&#8221;0&#8243; animation=&#8221;fadeInLeft&#8221; delay=&#8221;400&#8243; delay_duration=&#8221;&#8221; delay_offset=&#8221;&#8221; top_and_bottom_padding=&#8221;&#8221; left_and_right_padding=&#8221;&#8221; width=&#8221;1\/2&#8243; id=&#8221;&#8221; class=&#8221;&#8221; style=&#8221;&#8221; border_color=&#8221;&#8221;]<div  class=\"dima-clear\" style=\"padding-bottom:50px\"><\/div><div class=\"column-item overflow-hidden text-start\"><img loading=\"lazy\" decoding=\"async\" width=\"2000\" height=\"2000\"  class=\"dima-img \" src=\"https:\/\/www.dogatria.com\/wp-content\/uploads\/2025\/12\/104764.jpg\"   alt=\"\"><\/div><div  class=\"dima-divider line-start line-hr\" ><\/div>[\/vc_column][vc_column min_height=&#8221;&#8221; bg_type=&#8221;&#8221; dima_canvas_style=&#8221;&#8221; translate_x=&#8221;0&#8243; dima_z_index=&#8221;0&#8243; animation=&#8221;fadeInUp&#8221; delay=&#8221;600&#8243; delay_duration=&#8221;&#8221; delay_offset=&#8221;&#8221; top_and_bottom_padding=&#8221;&#8221; left_and_right_padding=&#8221;&#8221; width=&#8221;1\/2&#8243; id=&#8221;&#8221; class=&#8221;&#8221; style=&#8221;&#8221;]<h2  class=\"dima-custom-heading\" ><strong>HAKKIMIZDA<\/strong><\/h2><p data-start=\"176\" data-end=\"483\">T\u00fcrkiye\u2019de otomotiv sekt\u00f6r\u00fcne yenilik\u00e7i, g\u00fcvenilir ve y\u00fcksek kaliteli \u00e7\u00f6z\u00fcmler sunma amac\u0131yla faaliyet g\u00f6steriyoruz. <strong data-start=\"293\" data-end=\"304\">dogatria<\/strong>\u00a0markas\u0131n\u0131n T\u00fcrkiye\u2019deki yetkili sat\u0131c\u0131s\u0131 olarak; ara\u00e7 y\u0131kama sistemleri, silecek motorlar\u0131 ve su tanklar\u0131 alan\u0131nda d\u00fcnya standartlar\u0131nda \u00fcr\u00fcnleri m\u00fc\u015fterilerimizle bulu\u015fturuyoruz.<\/p>\n<p data-start=\"485\" data-end=\"708\">Sundu\u011fumuz t\u00fcm \u00fcr\u00fcnler; dayan\u0131kl\u0131l\u0131\u011f\u0131, verimlili\u011fi ve uzun \u00f6m\u00fcrl\u00fc kullan\u0131m sunmas\u0131yla \u00f6ne \u00e7\u0131kmaktad\u0131r. Hem bireysel ara\u00e7 sahiplerinin hem de profesyonel i\u015fletmelerin ihtiya\u00e7lar\u0131na uygun \u00e7\u00f6z\u00fcmler geli\u015ftirmeye \u00f6nem veriyoruz.<\/p>\n<p data-start=\"710\" data-end=\"950\">M\u00fc\u015fterilerimize sadece \u00fcr\u00fcn tedari\u011fi de\u011fil, kapsaml\u0131 bir hizmet anlay\u0131\u015f\u0131 sunuyoruz. Sat\u0131\u015f \u00f6ncesi teknik y\u00f6nlendirme, do\u011fru \u00fcr\u00fcn se\u00e7imi deste\u011fi ve sat\u0131\u015f sonras\u0131 h\u0131zl\u0131 ileti\u015fim ile kullan\u0131c\u0131 memnuniyetini en \u00fcst seviyede tutmay\u0131 hedefliyoruz.<\/p>\n<p data-start=\"952\" data-end=\"1187\">G\u00fcvenilirlik, kalite ve s\u00fcrd\u00fcr\u00fclebilirlik \u015firket k\u00fclt\u00fcr\u00fcm\u00fcz\u00fcn temel ta\u015flar\u0131d\u0131r. T\u00fcrkiye genelinde b\u00fcy\u00fcyen da\u011f\u0131t\u0131m a\u011f\u0131m\u0131z ve g\u00fc\u00e7l\u00fc lojistik yap\u0131m\u0131z sayesinde <strong data-start=\"1109\" data-end=\"1120\">dogatria<\/strong>\u00a0\u00fcr\u00fcnlerini h\u0131zl\u0131 ve g\u00fcvenli \u015fekilde m\u00fc\u015fterilerimize ula\u015ft\u0131r\u0131yoruz.<\/p>\n<p data-start=\"1189\" data-end=\"1377\">Otomotiv sekt\u00f6r\u00fcnde performans\u0131 kan\u0131tlanm\u0131\u015f, uzun \u00f6m\u00fcrl\u00fc ve profesyonel \u00e7\u00f6z\u00fcmler ar\u0131yorsan\u0131z do\u011fru yerdesiniz.<br data-start=\"1299\" data-end=\"1302\" \/><strong data-start=\"1302\" data-end=\"1377\">Biz, arac\u0131n\u0131z\u0131n ihtiya\u00e7 duydu\u011fu kaliteyi g\u00fcvenle sunmak i\u00e7in buraday\u0131z.<\/strong><\/p>\n[\/vc_column][\/vc_row][vc_row no_margin=&#8221;true&#8221; dark=&#8221;true&#8221; bg_type=&#8221;&#8221; dima_canvas_style=&#8221;&#8221; translate_x=&#8221;0&#8243; dima_z_index=&#8221;0&#8243; delay=&#8221;&#8221; delay_duration=&#8221;&#8221; delay_offset=&#8221;&#8221; full_width=&#8221;full_width&#8221; top_and_bottom_padding=&#8221;&#8221; left_and_right_padding=&#8221;&#8221; class=&#8221;&#8221; style=&#8221;&#8221;][vc_column min_height=&#8221;&#8221; bg_type=&#8221;bg_color&#8221; dima_canvas_style=&#8221;&#8221; translate_x=&#8221;0&#8243; dima_z_index=&#8221;0&#8243; sd=&#8221;12&#8243; delay=&#8221;&#8221; delay_duration=&#8221;&#8221; delay_offset=&#8221;&#8221; top_and_bottom_padding=&#8221;14%&#8221; left_and_right_padding=&#8221;14%&#8221; width=&#8221;1\/3&#8243; id=&#8221;&#8221; class=&#8221;no-bottom-margin&#8221; style=&#8221;&#8221; bg_color=&#8221;#2b90d9&#8243;]<h3  class=\"dima-custom-heading\" ><span style=\"color: #ffffff;\">Biz Ne Yap\u0131yoruz ?<\/span><\/h3><p><span style=\"color: #fff;\"><br \/>\nOtomotiv sekt\u00f6r\u00fcne y\u00f6nelik profesyonel \u00e7\u00f6z\u00fcmler sunarak ara\u00e7lar\u0131n temizlik, bak\u0131m ve g\u00fcvenli s\u00fcr\u00fc\u015f s\u00fcre\u00e7lerini destekliyoruz.Ara\u00e7 y\u0131kama sistemleri, silecek motorlar\u0131 ve su tanklar\u0131 alan\u0131nda y\u00fcksek kalite standartlar\u0131na sahip \u00fcr\u00fcnleri T\u00fcrkiye pazar\u0131na kazand\u0131r\u0131yor; bireysel kullan\u0131c\u0131lar, servisler ve i\u015fletmeler i\u00e7in g\u00fcvenilir ve uzun \u00f6m\u00fcrl\u00fc \u00e7\u00f6z\u00fcmler sunuyoruz.\u00dcr\u00fcn se\u00e7imi, teknik destek ve sat\u0131\u015f sonras\u0131 hizmetlerle m\u00fc\u015fterilerimizin ihtiya\u00e7lar\u0131na en do\u011fru \u015fekilde yan\u0131t vererek sekt\u00f6rde g\u00fcvenilir bir \u00e7\u00f6z\u00fcm orta\u011f\u0131 olarak konumlan\u0131yoruz.<br \/>\n<\/span><\/p>\n<div  class=\"dima-clear\" style=\"padding-bottom:10px\"><\/div>[\/vc_column][vc_column min_height=&#8221;&#8221; bg_type=&#8221;bg_color&#8221; dima_canvas_style=&#8221;&#8221; translate_x=&#8221;0&#8243; dima_z_index=&#8221;0&#8243; sd=&#8221;12&#8243; delay=&#8221;&#8221; delay_duration=&#8221;&#8221; delay_offset=&#8221;&#8221; top_and_bottom_padding=&#8221;14%&#8221; left_and_right_padding=&#8221;14%&#8221; width=&#8221;1\/3&#8243; id=&#8221;&#8221; class=&#8221;no-bottom-margin&#8221; style=&#8221;&#8221; bg_color=&#8221;#e9f1f7&#8243;]<h3  class=\"dima-custom-heading\" ><span style=\"color: #000;\"><br \/>\nMisyonumuz<br \/>\n<\/span><\/h3><p>Otomotiv sekt\u00f6r\u00fcnde kalite, dayan\u0131kl\u0131l\u0131k ve i\u015flevselli\u011fi bir araya getiren \u00fcr\u00fcnleri m\u00fc\u015fterilerimize sunmak; sat\u0131\u015f \u00f6ncesi ve sonras\u0131 t\u00fcm s\u00fcre\u00e7lerde g\u00fcvenilir, h\u0131zl\u0131 ve profesyonel hizmet sa\u011flamak.<br data-start=\"996\" data-end=\"999\" \/>Teknolojik geli\u015fmeleri yak\u0131ndan takip ederek m\u00fc\u015fterilerimizin ihtiya\u00e7lar\u0131n\u0131 en do\u011fru \u00fcr\u00fcnlerle bulu\u015fturmak ve sekt\u00f6r\u00fcn standartlar\u0131n\u0131 y\u00fckselten bir marka olmak temel misyonumuzdur.<\/p>\n<hr>[\/vc_column][vc_column min_height=&#8221;&#8221; bg_type=&#8221;bg_color&#8221; dima_canvas_style=&#8221;&#8221; translate_x=&#8221;0&#8243; dima_z_index=&#8221;0&#8243; sd=&#8221;12&#8243; delay=&#8221;&#8221; delay_duration=&#8221;&#8221; delay_offset=&#8221;&#8221; top_and_bottom_padding=&#8221;14%&#8221; left_and_right_padding=&#8221;14%&#8221; width=&#8221;1\/3&#8243; id=&#8221;&#8221; class=&#8221;no-bottom-margin&#8221; style=&#8221;&#8221; bg_color=&#8221;#f7fafc&#8221;]<h3  class=\"dima-custom-heading\" ><span style=\"color: #000;\"><br \/>\nVizyonumuz<br \/>\n<\/span><\/h3><p data-start=\"1205\" data-end=\"1617\">T\u00fcrkiye\u2019de ara\u00e7 y\u0131kama ve bak\u0131m ekipmanlar\u0131 alan\u0131nda lider ve referans al\u0131nan bir marka olmak.<br data-start=\"1299\" data-end=\"1302\" \/>S\u00fcrekli yenilik, s\u00fcrd\u00fcr\u00fclebilir kalite anlay\u0131\u015f\u0131 ve geni\u015fleyen \u00fcr\u00fcn yelpazesi ile otomotiv sekt\u00f6r\u00fcnde kullan\u0131c\u0131lar\u0131n ilk tercih etti\u011fi \u00e7\u00f6z\u00fcm orta\u011f\u0131 h\u00e2line gelmek.<br data-start=\"1463\" data-end=\"1466\" \/>Uzun vadede, global markalarla g\u00fc\u00e7l\u00fc i\u015f birlikleri kurarak teknolojiyi eri\u015filebilir k\u0131lan, g\u00fcvenilir ve yenilik\u00e7i bir pazar \u00f6nderi olmay\u0131 hedefliyoruz.<\/p>\n<div  class=\"dima-clear\" style=\"padding-bottom:10px\"><\/div>[\/vc_column][\/vc_row][vc_row bg_type=&#8221;bg_color&#8221; dima_canvas_style=&#8221;&#8221; translate_x=&#8221;0&#8243; dima_z_index=&#8221;0&#8243; delay=&#8221;&#8221; delay_duration=&#8221;&#8221; delay_offset=&#8221;&#8221; top_and_bottom_padding=&#8221;&#8221; left_and_right_padding=&#8221;&#8221; bg_color=&#8221;#f7fafc&#8221; class=&#8221;&#8221; style=&#8221;&#8221;][vc_column min_height=&#8221;&#8221; bg_type=&#8221;&#8221; dima_canvas_style=&#8221;&#8221; translate_x=&#8221;0&#8243; dima_z_index=&#8221;0&#8243; delay=&#8221;&#8221; delay_duration=&#8221;&#8221; delay_offset=&#8221;&#8221; top_and_bottom_padding=&#8221;&#8221; left_and_right_padding=&#8221;&#8221; width=&#8221;1\/1&#8243;][vc_row_inner bg_type=&#8221;bg_color&#8221; dima_canvas_style=&#8221;&#8221; translate_x=&#8221;0&#8243; dima_z_index=&#8221;0&#8243; top_and_bottom_padding=&#8221;&#8221; left_and_right_padding=&#8221;&#8221; class=&#8221;&#8221; style=&#8221;&#8221;][vc_column_inner animation=&#8221;fadeInUp&#8221; delay=&#8221;400&#8243; delay_duration=&#8221;&#8221; delay_offset=&#8221;&#8221; translate_x=&#8221;0&#8243; dima_z_index=&#8221;0&#8243; width=&#8221;1\/4&#8243; id=&#8221;&#8221; class=&#8221;&#8221; style=&#8221;&#8221;]<div  class=\"countUp text-start with-icon no-border\" ><i style=\"color: #2b90d9;\" class=\"icon-count simple-icon-layers\"><\/i><div class=\"number\" style=\"color: #282c37;\"><span class=\"number-count\" data-from=\"10\" data-to=\"1987\" data-formatter=\",\" data-duration=\"2.5\" data-decimals=\"0\" data-decimal=\".\">10<\/span><div class=\"text\" style=\"color: #6a6e78;\">Teslim Edilen Proje<\/div><\/div><\/div>[\/vc_column_inner][vc_column_inner animation=&#8221;fadeInUp&#8221; delay=&#8221;600&#8243; delay_duration=&#8221;&#8221; delay_offset=&#8221;&#8221; translate_x=&#8221;0&#8243; dima_z_index=&#8221;0&#8243; width=&#8221;1\/4&#8243; id=&#8221;&#8221; class=&#8221;&#8221; style=&#8221;&#8221;]<div  class=\"countUp text-start with-icon no-border\" ><i style=\"color: #2b90d9;\" class=\"icon-count simple-icon-magic-wand\"><\/i><div class=\"number\" style=\"color: #282c37;\"><span class=\"number-count\" data-from=\"10\" data-to=\"1989\" data-formatter=\",\" data-duration=\"2.5\" data-decimals=\"0\" data-decimal=\".\">10<\/span><div class=\"text\" style=\"color: #6a6e78;\">Sorunlar \u00e7\u00f6z\u00fcld\u00fc<\/div><\/div><\/div>[\/vc_column_inner][vc_column_inner animation=&#8221;fadeInUp&#8221; delay=&#8221;800&#8243; delay_duration=&#8221;&#8221; delay_offset=&#8221;&#8221; translate_x=&#8221;0&#8243; dima_z_index=&#8221;0&#8243; width=&#8221;1\/4&#8243; id=&#8221;&#8221; class=&#8221;&#8221; style=&#8221;&#8221;]<div  class=\"countUp text-start with-icon no-border\" ><i style=\"color: #2b90d9;\" class=\"icon-count simple-icon-earphones\"><\/i><div class=\"number\" style=\"color: #282c37;\"><span class=\"number-count\" data-from=\"10\" data-to=\"765\" data-formatter=\",\" data-duration=\"2.5\" data-decimals=\"0\" data-decimal=\".\">10<\/span><div class=\"text\" style=\"color: #6a6e78;\">Sorular cevapland\u0131<\/div><\/div><\/div>[\/vc_column_inner][vc_column_inner animation=&#8221;fadeInUp&#8221; delay=&#8221;1000&#8243; delay_duration=&#8221;&#8221; delay_offset=&#8221;&#8221; translate_x=&#8221;0&#8243; dima_z_index=&#8221;0&#8243; width=&#8221;1\/4&#8243; id=&#8221;&#8221; class=&#8221;&#8221; style=&#8221;&#8221;]<div  class=\"countUp text-start with-icon no-border\" ><i style=\"color: #2b90d9;\" class=\"icon-count simple-icon-heart\"><\/i><div class=\"number\" style=\"color: #282c37;\"><span class=\"number-count\" data-from=\"10\" data-to=\"2132\" data-formatter=\",\" data-duration=\"2.5\" data-decimals=\"0\" data-decimal=\".\">10<\/span><div class=\"text\" style=\"color: #6a6e78;\">Mutlu m\u00fc\u015fteriler<\/div><\/div><\/div>[\/vc_column_inner][\/vc_row_inner][\/vc_column][\/vc_row]<\/p>\n<\/div>","protected":false},"excerpt":{"rendered":"<p>[vc_row bg_type=&#8221;&#8221; dima_canvas_style=&#8221;&#8221; translate_x=&#8221;0&#8243; dima_z_index=&#8221;0&#8243; delay=&#8221;&#8221; delay_duration=&#8221;&#8221; delay_offset=&#8221;&#8221; top_and_bottom_padding=&#8221;0px&#8221; left_and_right_padding=&#8221;&#8221; class=&#8221;&#8221; style=&#8221;&#8221;][vc_column min_height=&#8221;&#8221; bg_type=&#8221;&#8221; dima_canvas_style=&#8221;&#8221; translate_x=&#8221;0&#8243; dima_z_index=&#8221;0&#8243; animation=&#8221;fadeInLeft&#8221; delay=&#8221;400&#8243; delay_duration=&#8221;&#8221; delay_offset=&#8221;&#8221; top_and_bottom_padding=&#8221;&#8221; left_and_right_padding=&#8221;&#8221; width=&#8221;1\/2&#8243; id=&#8221;&#8221; class=&#8221;&#8221; style=&#8221;&#8221; border_color=&#8221;&#8221;][\/vc_column][vc_column min_height=&#8221;&#8221; bg_type=&#8221;&#8221; dima_canvas_style=&#8221;&#8221; translate_x=&#8221;0&#8243; dima_z_index=&#8221;0&#8243; animation=&#8221;fadeInUp&#8221; delay=&#8221;600&#8243; delay_duration=&#8221;&#8221; delay_offset=&#8221;&#8221; top_and_bottom_padding=&#8221;&#8221; left_and_right_padding=&#8221;&#8221; width=&#8221;1\/2&#8243; id=&#8221;&#8221; class=&#8221;&#8221; style=&#8221;&#8221;][\/vc_column][\/vc_row][vc_row no_margin=&#8221;true&#8221; dark=&#8221;true&#8221; bg_type=&#8221;&#8221; dima_canvas_style=&#8221;&#8221; translate_x=&#8221;0&#8243; dima_z_index=&#8221;0&#8243; delay=&#8221;&#8221; delay_duration=&#8221;&#8221; delay_offset=&#8221;&#8221; full_width=&#8221;full_width&#8221; top_and_bottom_padding=&#8221;&#8221; left_and_right_padding=&#8221;&#8221; [&hellip;]<\/p>\n","protected":false},"author":2,"featured_media":0,"parent":0,"menu_order":0,"comment_status":"closed","ping_status":"closed","template":"","meta":{"footnotes":""},"class_list":["post-125","page","type-page","status-publish","hentry"],"_links":{"self":[{"href":"https:\/\/www.dogatria.com\/index.php\/wp-json\/wp\/v2\/pages\/125","targetHints":{"allow":["GET"]}}],"collection":[{"href":"https:\/\/www.dogatria.com\/index.php\/wp-json\/wp\/v2\/pages"}],"about":[{"href":"https:\/\/www.dogatria.com\/index.php\/wp-json\/wp\/v2\/types\/page"}],"author":[{"embeddable":true,"href":"https:\/\/www.dogatria.com\/index.php\/wp-json\/wp\/v2\/users\/2"}],"replies":[{"embeddable":true,"href":"https:\/\/www.dogatria.com\/index.php\/wp-json\/wp\/v2\/comments?post=125"}],"version-history":[{"count":7,"href":"https:\/\/www.dogatria.com\/index.php\/wp-json\/wp\/v2\/pages\/125\/revisions"}],"predecessor-version":[{"id":181,"href":"https:\/\/www.dogatria.com\/index.php\/wp-json\/wp\/v2\/pages\/125\/revisions\/181"}],"wp:attachment":[{"href":"https:\/\/www.dogatria.com\/index.php\/wp-json\/wp\/v2\/media?parent=125"}],"curies":[{"name":"wp","href":"https:\/\/api.w.org\/{rel}","templated":true}]}}