{"id":85,"date":"2016-06-15T18:47:07","date_gmt":"2016-06-15T18:47:07","guid":{"rendered":"http:\/\/okab.pixeldima.com\/okab\/business\/?page_id=85"},"modified":"2025-10-15T10:46:40","modified_gmt":"2025-10-15T07:46:40","slug":"blog","status":"publish","type":"page","link":"https:\/\/www.dogatria.com\/index.php\/blog\/","title":{"rendered":"Haberler"},"content":{"rendered":"<div class=\"wpb-content-wrapper\"><p>[vc_row top_and_bottom_padding=&#8221;&#8221; left_and_right_padding=&#8221;&#8221; bg_type=&#8221;&#8221;][vc_column delay=&#8221;&#8221; delay_offset=&#8221;&#8221; bg_type=&#8221;&#8221; min_height=&#8221;&#8221; top_and_bottom_padding=&#8221;&#8221; left_and_right_padding=&#8221;&#8221; width=&#8221;1\/1&#8243;]\t<div class=\"boxed-blog blog-list\">\n\t\t<article class=\"post-4 post type-post status-publish format-standard has-post-thumbnail hentry category-genel\" >\n\t\t\t\t<div class=\"post-img\">\n                        <div class=\" post-feature\">\n                            <a href=\"https:\/\/www.dogatria.com\/index.php\/2025\/07\/20\/doga-grand-prix\/\" class=\"entry-thumb\" title=\"Permalink to: &quot;\u00a0DOGA\u00a0GRAND\u00a0PRIX&quot;\"><img loading=\"lazy\" decoding=\"async\" width=\"768\" height=\"395\" src=\"https:\/\/www.dogatria.com\/wp-content\/uploads\/2025\/07\/GRAND-PRIX-DOGA-NOTICIA-3-768x395-1.jpg\" class=\"attachment-dima-post-standard-image size-dima-post-standard-image wp-post-image\" alt=\"\" srcset=\"https:\/\/www.dogatria.com\/wp-content\/uploads\/2025\/07\/GRAND-PRIX-DOGA-NOTICIA-3-768x395-1.jpg 768w, https:\/\/www.dogatria.com\/wp-content\/uploads\/2025\/07\/GRAND-PRIX-DOGA-NOTICIA-3-768x395-1-300x154.jpg 300w, https:\/\/www.dogatria.com\/wp-content\/uploads\/2025\/07\/GRAND-PRIX-DOGA-NOTICIA-3-768x395-1-585x301.jpg 585w\" sizes=\"auto, (max-width: 768px) 100vw, 768px\" \/><\/a>\n                        <div class=\"post-icon link_overlay\">\n                        <ul class=\"icons-media\">\n                        <li>\n                            <a href=\"https:\/\/www.dogatria.com\/index.php\/2025\/07\/20\/doga-grand-prix\/\" title=\"Permalink to: &quot;\u00a0DOGA\u00a0GRAND\u00a0PRIX&quot;\">\n                                <i class=\"fa fa-link\"><\/i>\n                            <\/a>\n                        <\/li>\n                        <\/ul>  <span class=\"topaz-hover\"><\/span >\n                        <\/div >\n                        <\/div >\n                        <\/div > \t\t<div class=\"post-meta box\"><ul><li class=\"post-on\"><span class=\"entry-author\">By <a href=\"https:\/\/www.dogatria.com\/index.php\/author\/gurolaricansuperonline-com\/\" rel=\"author\" class=\"vcard\"><span  class=\"fn\">gurolarican@superonline.com<\/span><\/a><\/span> <span class=\"slash\">\/<\/span> <time class=\"entry-date\" datetime=\"2025-07-20T16:42:00+03:00\"> 20 Temmuz 2025<\/time><\/li><li class=\"post-view\"><i class=\"fa fa-eye\"><\/i> 320 <\/li><\/ul><\/div>\n\t<div class=\"entry-content post-content text-start box-bg-color box\">\n\t\t\n<header>\n\t\t\t<h4 class=\"entry-title\">\n\t\t\t<a href=\"https:\/\/www.dogatria.com\/index.php\/2025\/07\/20\/doga-grand-prix\/\"\n\t\t\t   title=\"Permalink to: &quot;\u00a0DOGA\u00a0GRAND\u00a0PRIX&quot;\">\n\t\t\t\t\u00a0DOGA\u00a0GRAND\u00a0PRIX\t\t\t<\/a>\n\t\t<\/h4>\n\t<\/header>\n\t\t<p>H\u0131z, Tak\u0131m Ruhu ve E\u011flence Dolu Bir G\u00fcn!<\/p>\n<p>Ge\u00e7en hafta, Teknik Merkezimiz DOGA GRAND PRIX i\u00e7in bir yar\u0131\u015f arenas\u0131na d\u00f6n\u00fc\u015ft\u00fc. Bu benzersiz \u015firket i\u00e7i etkinlikte \u00e7al\u0131\u015fanlar profesyonel yar\u0131\u015f sim\u00fclat\u00f6rlerinde yar\u0131\u015ft\u0131, &#8230;<\/p>\n\t\t\t<\/div>\n\n<\/article>\n<article class=\"post-126 post type-post status-publish format-standard has-post-thumbnail hentry category-genel\" >\n\t\t\t\t<div class=\"post-img\">\n                        <div class=\" post-feature\">\n                            <a href=\"https:\/\/www.dogatria.com\/index.php\/2025\/07\/20\/tarim-makineleri-icin-yikama-tanklari\/\" class=\"entry-thumb\" title=\"Permalink to: &quot;Tar\u0131m Makineleri i\u00e7in Y\u0131kama Tanklar\u0131&quot;\"><img loading=\"lazy\" decoding=\"async\" width=\"768\" height=\"395\" src=\"https:\/\/www.dogatria.com\/wp-content\/uploads\/2016\/06\/WASHER-SYSTEM-NOTICIA-2-768x395-1.jpg\" class=\"attachment-dima-post-standard-image size-dima-post-standard-image wp-post-image\" alt=\"\" srcset=\"https:\/\/www.dogatria.com\/wp-content\/uploads\/2016\/06\/WASHER-SYSTEM-NOTICIA-2-768x395-1.jpg 768w, https:\/\/www.dogatria.com\/wp-content\/uploads\/2016\/06\/WASHER-SYSTEM-NOTICIA-2-768x395-1-300x154.jpg 300w, https:\/\/www.dogatria.com\/wp-content\/uploads\/2016\/06\/WASHER-SYSTEM-NOTICIA-2-768x395-1-585x301.jpg 585w\" sizes=\"auto, (max-width: 768px) 100vw, 768px\" \/><\/a>\n                        <div class=\"post-icon link_overlay\">\n                        <ul class=\"icons-media\">\n                        <li>\n                            <a href=\"https:\/\/www.dogatria.com\/index.php\/2025\/07\/20\/tarim-makineleri-icin-yikama-tanklari\/\" title=\"Permalink to: &quot;Tar\u0131m Makineleri i\u00e7in Y\u0131kama Tanklar\u0131&quot;\">\n                                <i class=\"fa fa-link\"><\/i>\n                            <\/a>\n                        <\/li>\n                        <\/ul>  <span class=\"topaz-hover\"><\/span >\n                        <\/div >\n                        <\/div >\n                        <\/div > \t\t<div class=\"post-meta box\"><ul><li class=\"post-on\"><span class=\"entry-author\">By <a href=\"https:\/\/www.dogatria.com\/index.php\/author\/gurolaricansuperonline-com\/\" rel=\"author\" class=\"vcard\"><span  class=\"fn\">gurolarican@superonline.com<\/span><\/a><\/span> <span class=\"slash\">\/<\/span> <time class=\"entry-date\" datetime=\"2025-07-20T18:08:00+03:00\"> 20 Temmuz 2025<\/time><\/li><li class=\"post-view\"><i class=\"fa fa-eye\"><\/i> 1174 <\/li><\/ul><\/div>\n\t<div class=\"entry-content post-content text-start box-bg-color box\">\n\t\t\n<header>\n\t\t\t<h4 class=\"entry-title\">\n\t\t\t<a href=\"https:\/\/www.dogatria.com\/index.php\/2025\/07\/20\/tarim-makineleri-icin-yikama-tanklari\/\"\n\t\t\t   title=\"Permalink to: &quot;Tar\u0131m Makineleri i\u00e7in Y\u0131kama Tanklar\u0131&quot;\">\n\t\t\t\tTar\u0131m Makineleri i\u00e7in Y\u0131kama Tanklar\u0131\t\t\t<\/a>\n\t\t<\/h4>\n\t<\/header>\n\t\t<p>DOGA olarak, trakt\u00f6rler ve hasat makineleri gibi tar\u0131m makineleri i\u00e7in \ud83d\udca7 \u00f6n cam y\u0131kama tanklar\u0131 \ud83d\udca7 tasar\u0131m\u0131 ve \u00fcretiminde uzman\u0131z. Y\u00fcksek hassasiyetli \u015fi\u015firme kal\u0131plama ile \u00fcretilen 1 ila 40 &#8230;<\/p>\n\t\t\t<\/div>\n\n<\/article>\n\t<\/div>[\/vc_column][\/vc_row]<\/p>\n<\/div>","protected":false},"excerpt":{"rendered":"<p>[vc_row top_and_bottom_padding=&#8221;&#8221; left_and_right_padding=&#8221;&#8221; bg_type=&#8221;&#8221;][vc_column delay=&#8221;&#8221; delay_offset=&#8221;&#8221; bg_type=&#8221;&#8221; min_height=&#8221;&#8221; top_and_bottom_padding=&#8221;&#8221; left_and_right_padding=&#8221;&#8221; width=&#8221;1\/1&#8243;][\/vc_column][\/vc_row]<\/p>\n","protected":false},"author":2,"featured_media":0,"parent":0,"menu_order":0,"comment_status":"closed","ping_status":"closed","template":"","meta":{"footnotes":""},"class_list":["post-85","page","type-page","status-publish","hentry","has-post-thumbnail"],"_links":{"self":[{"href":"https:\/\/www.dogatria.com\/index.php\/wp-json\/wp\/v2\/pages\/85","targetHints":{"allow":["GET"]}}],"collection":[{"href":"https:\/\/www.dogatria.com\/index.php\/wp-json\/wp\/v2\/pages"}],"about":[{"href":"https:\/\/www.dogatria.com\/index.php\/wp-json\/wp\/v2\/types\/page"}],"author":[{"embeddable":true,"href":"https:\/\/www.dogatria.com\/index.php\/wp-json\/wp\/v2\/users\/2"}],"replies":[{"embeddable":true,"href":"https:\/\/www.dogatria.com\/index.php\/wp-json\/wp\/v2\/comments?post=85"}],"version-history":[{"count":1,"href":"https:\/\/www.dogatria.com\/index.php\/wp-json\/wp\/v2\/pages\/85\/revisions"}],"predecessor-version":[{"id":148,"href":"https:\/\/www.dogatria.com\/index.php\/wp-json\/wp\/v2\/pages\/85\/revisions\/148"}],"wp:attachment":[{"href":"https:\/\/www.dogatria.com\/index.php\/wp-json\/wp\/v2\/media?parent=85"}],"curies":[{"name":"wp","href":"https:\/\/api.w.org\/{rel}","templated":true}]}}